{"id":13468,"date":"2021-08-28T18:23:32","date_gmt":"2021-08-28T16:23:32","guid":{"rendered":"https:\/\/staging5.inkme.it\/?page_id=13468"},"modified":"2021-08-28T18:24:05","modified_gmt":"2021-08-28T16:24:05","slug":"informacion-de-cookies","status":"publish","type":"page","link":"https:\/\/inkme.it\/es\/informacion-de-cookies\/","title":{"rendered":"Informaci\u00f3n de Cookies"},"content":{"rendered":"\t\t<div data-elementor-type=\"wp-page\" data-elementor-id=\"13468\" class=\"elementor elementor-13468\" data-elementor-post-type=\"page\">\n\t\t\t\t\t\t<section class=\"elementor-section elementor-top-section elementor-element elementor-element-5f9a5421 elementor-section-boxed elementor-section-height-default elementor-section-height-default\" data-id=\"5f9a5421\" data-element_type=\"section\" data-e-type=\"section\">\n\t\t\t\t\t\t<div class=\"elementor-container elementor-column-gap-default\">\n\t\t\t\t\t<div class=\"elementor-column elementor-col-100 elementor-top-column elementor-element elementor-element-38fac30d\" data-id=\"38fac30d\" data-element_type=\"column\" data-e-type=\"column\">\n\t\t\t<div class=\"elementor-widget-wrap elementor-element-populated\">\n\t\t\t\t\t\t<div class=\"elementor-element elementor-element-19a0465 elementor-widget elementor-widget-text-editor\" data-id=\"19a0465\" data-element_type=\"widget\" data-e-type=\"widget\" data-widget_type=\"text-editor.default\">\n\t\t\t\t<div class=\"elementor-widget-container\">\n\t\t\t\t\t\t\t\t\t<p>Las cookies son peque\u00f1os archivos de texto que los sitios visitados por los usuarios env\u00edan a sus terminales, donde se almacenan antes de volver a transmitirse a los mismos sitios en la pr\u00f3xima visita.<br \/><br \/>Las cookies de los llamados \u201cterceros\u201d son, en cambio, establecidas por un sitio web distinto al que est\u00e1 visitando el usuario.<br \/>Esto se debe a que en cada sitio puede haber elementos (im\u00e1genes, mapas, sonidos, enlaces espec\u00edficos a p\u00e1ginas web de otros dominios, etc.) que residen en servidores distintos del sitio visitado.<\/p><p>El garante divide las cookies seg\u00fan el prop\u00f3sito en t\u00e9rminos t\u00e9cnicos y de perfil y en funci\u00f3n de su origen de la primera parte y de terceros.<\/p><p>Cookies t\u00e9cnicas: son cookies que se utilizan para navegar o proporcionar un servicio solicitado por el usuario.<br \/>No se utilizan para otros fines y normalmente son instalados directamente por el propietario del sitio web.<br \/>Sin el uso de estas cookies, algunas operaciones no podr\u00edan realizarse.<\/p><p>Cookies de \u201ccreaci\u00f3n de perfiles\u201d: son cookies utilizadas para rastrear la navegaci\u00f3n del usuario en la red y crear perfiles sobre sus gustos, h\u00e1bitos, elecciones, etc.<br \/>Con estas cookies, los mensajes publicitarios pueden transmitirse al terminal del usuario de acuerdo con las preferencias que ya muestra el mismo usuario mientras navega en l\u00ednea.<\/p><p>Cookies de origen: cookies insertadas por el sitio que est\u00e1 navegando.<\/p><p>Cookies de terceros: son cookies colocadas por sitios externos.<br \/>A menudo, el usuario visita una p\u00e1gina que contiene contenido que reside en sitios externos, estos mismos sitios pueden insertar cookies.<\/p><p>\u00a0<\/p><h4><b>Cookies de nuestro sitio.<\/b><\/h4><p><b>Utilizamos cookies t\u00e9cnicas para garantizar el funcionamiento de INKme. En particular, utilizamos una cookie llamada sesi\u00f3n, que se cancela autom\u00e1ticamente despu\u00e9s de abandonar el sitio, y cookies que nos permiten hacer que funcione el aviso de aviso de cookies.<\/b><\/p><p>\u00a0<\/p><p><b>Cookies ingresadas por terceros<\/b><\/p><p><u><b>Google Analytics<\/b><\/u><\/p><p>Para analizar la interacci\u00f3n entre los usuarios y el contenido de INKme, utilizamos Google Analytics, que inserta cookies de \u201cterceros\u201d y recopila informaci\u00f3n de forma an\u00f3nima y agregada. Para obtener informaci\u00f3n sobre el uso de cookies en Google Analytics, la siguiente es la informaci\u00f3n proporcionada por Google en la siguiente direcci\u00f3n:\u00a0<a href=\"https:\/\/www.google.it\/policies\/privacy\/partners\/\" target=\"_blank\" rel=\"noopener noreferrer\"><u>Informaci\u00f3n de Google<\/u><\/a><\/p><p>Si desea evitar que Google Analytics recopile datos, puede utilizar la navegaci\u00f3n an\u00f3nima en su navegador o cambiar la configuraci\u00f3n de las cookies (consulte la secci\u00f3n \u201cAdministraci\u00f3n de cookies\u201d a continuaci\u00f3n en esta p\u00e1gina).<\/p><p>\u00a0<\/p><p><strong>Google Maps<\/strong><\/p><p>Usamos Google Maps dentro de INKme, sin embargo, esto podr\u00eda implicar la transmisi\u00f3n de cookies para el correcto funcionamiento del servicio.<\/p><p>\u00a0<\/p><p><u><b>Social<\/b><\/u><\/p><p>Inkme.it utiliza complementos sociales que nos permiten interactuar con las redes sociales m\u00e1s importantes, garantizando as\u00ed esta posibilidad a nuestros visitantes.<br \/>Estos son: Facebook, Twitter, Linkedin, Google+ y Pinterest. Sin embargo, la presencia de estos tambi\u00e9n implica la transmisi\u00f3n de cookies a dicho Social.<br \/>Por lo tanto, la gesti\u00f3n de esta informaci\u00f3n recopilada se define en la informaci\u00f3n relacionada.<\/p><p align=\"LEFT\"><b>Facebook<\/b><\/p><p align=\"LEFT\"><a href=\"https:\/\/www.facebook.com\/help\/cookies\/\" target=\"_blank\" rel=\"nofollow noopener noreferrer\"><u>Informaci\u00f3n de Facebook<\/u><\/a><\/p><p align=\"LEFT\"><a href=\"https:\/\/www.facebook.com\/settings?tab=privacy\" target=\"_blank\" rel=\"nofollow noopener noreferrer\">Configuraci\u00f3n de Facebook<\/a><\/p><p align=\"LEFT\"><b>Twitter<\/b><\/p><p align=\"LEFT\"><a href=\"https:\/\/support.twitter.com\/articles\/20170514\" target=\"_blank\" rel=\"noopener noreferrer\"><u>Informaci\u00f3n de Twitter<\/u><\/a><\/p><p align=\"LEFT\"><a href=\"https:\/\/twitter.com\/settings\/security\" target=\"_blank\" rel=\"nofollow noopener noreferrer\">Configuraci\u00f3n de Twitter<\/a><\/p><p align=\"LEFT\"><b>Linkedin<\/b><\/p><p align=\"LEFT\"><a href=\"https:\/\/www.linkedin.com\/legal\/cookie-policy\" target=\"_blank\" rel=\"noopener noreferrer\"><u>Informaci\u00f3n de Linkedin<\/u><\/a><\/p><p align=\"LEFT\"><a href=\"https:\/\/www.linkedin.com\/settings\/\" target=\"_blank\" rel=\"noopener noreferrer\"><u>Configuraci\u00f3n de Linkedin<\/u><\/a><\/p><p align=\"LEFT\"><b>Google+<\/b><\/p><p align=\"LEFT\"><a href=\"https:\/\/www.google.it\/intl\/it\/policies\/technologies\/cookies\/\" target=\"_blank\" rel=\"noopener noreferrer\"><u>Informaci\u00f3n de Google+<\/u><\/a><\/p><p align=\"LEFT\"><a href=\"https:\/\/www.google.it\/intl\/it\/policies\/technologies\/managing\/\" target=\"_blank\" rel=\"noopener noreferrer\"><u>Configuraci\u00f3n de Google+<\/u><\/a><\/p><p align=\"LEFT\"><b>Pinterest<\/b><\/p><p align=\"LEFT\"><a href=\"https:\/\/about.pinterest.com\/it\/privacy-policy\" target=\"_blank\" rel=\"noopener noreferrer\"><u>Declaraci\u00f3n de Pinterest<\/u><\/a><\/p><p align=\"LEFT\"><a href=\"https:\/\/help.pinterest.com\/it\/articles\/change-your-privacy-settings\" target=\"_blank\" rel=\"nofollow noopener noreferrer\"><u>Configuraci\u00f3n de Pinterest<\/u><\/a><\/p><h3><u><b>Google Adsense<\/b><\/u><\/h3><p>La mayor\u00eda de nuestros banners publicitarios son parte del circuito Google Adsense, que utiliza cookies para mejorar la publicidad. Algunos usos comunes de las cookies incluyen seleccionar anuncios basados en lo que es relevante para un usuario y evitar que el usuario vea anuncios que ya se mostraban en el pasado a trav\u00e9s de DoubleClick.<\/p><p><b>Para obtener informaci\u00f3n sobre el uso de cookies por parte de Google Adsense, la siguiente es la informaci\u00f3n proporcionada por Google en la siguiente direcci\u00f3n:\u00a0\u00a0<\/b><a href=\"https:\/\/support.google.com\/adsense\/answer\/2839090?hl=it\" target=\"_blank\" rel=\"nofollow noopener noreferrer\"><u>https:\/\/support.google.com\/adsense\/answer\/2839090?hl=it<\/u><\/a><\/p><p>\u00a0<\/p><h3>Programa de afiliados de Amazon<\/h3><p>En nuestros art\u00edculos, ofrecemos un banner publicitario que forma parte del circuito de afiliados de Amazon. Consideramos que esta oferta es de inter\u00e9s para nuestros visitantes, ya que Amazon le permite comprar en l\u00ednea a un buen precio. Sin embargo, puede usar cookies para que el sistema funcione correctamente, por lo que le remitimos a su informaci\u00f3n:<\/p><p><a href=\"https:\/\/www.amazon.it\/gp\/help\/customer\/display.html\/?ie=UTF8&amp;*Version*=1&amp;*entries*=0&amp;nodeId=201149100\" target=\"_blank\" rel=\"nofollow noopener noreferrer\">Pol\u00edtica de cookies de Amazon<\/a><\/p><p>\u00a0<\/p><p><u><b>Youtube<\/b><\/u><\/p><p>La mayor parte del contenido de video en este sitio proviene de Youtube.<\/p><p>Youtube es la red social para compartir videos m\u00e1s popular del mundo y es administrada por Google Inc.<\/p><p><a href=\"https:\/\/www.google.it\/intl\/it\/policies\/privacy\/\" target=\"_blank\" rel=\"nofollow noopener noreferrer\">Informaci\u00f3n de cookies<\/a><\/p><p><a href=\"https:\/\/www.google.com\/settings\/ads?hl=it&amp;sig=ACi0TCjWJYR61660EB9UBjijcRkynWuSt5RQMQKUzhgK_YWGZlIYSwGcgfzA_DJj78tYLHVaWu7iROZ2zXaSG3IFD-ROem6lLRQcWEABaOdy_XT9PHYs4u_Iq2ziBI1ZIoQecQzr2Uy24q_yPFTpxfad_9N01vpguFQkiw01Ab6h6SPIkxHR241sxImzcnW7VmtkRV_ywuSy\" target=\"_blank\" rel=\"nofollow noopener noreferrer\">Configuraci\u00f3n de cookies<\/a><\/p><p>\u00a0<\/p><h4><b>Gesti\u00f3n de cookies<\/b><\/h4><p>El usuario puede decidir si acepta o no las Cookies utilizando la configuraci\u00f3n de su navegador.<\/p><p>A continuaci\u00f3n se muestra el enlace a las gu\u00edas de los distintos navegadores para administrar Cookies.<\/p><p><b>Chrome<\/b><\/p><p><a href=\"https:\/\/support.google.com\/chrome\/answer\/95647?hl=it\" target=\"_blank\" rel=\"noopener noreferrer\"><u>Administrador de cookies \u2013 Chrome<\/u><\/a><\/p><p><b>Firefox<\/b><\/p><p><a href=\"https:\/\/support.mozilla.org\/it\/kb\/Gestione%20dei%20cookie\" target=\"_blank\" rel=\"noopener noreferrer\"><u>Gesti\u00f3n de cookies \u2013 Firefox<\/u><\/a><\/p><p><b>Internet Explorer<\/b><\/p><p><a href=\"http:\/\/windows.microsoft.com\/it-it\/windows7\/how-to-manage-Cookie-in-internet-explorer-9\" target=\"_blank\" rel=\"noopener noreferrer\"><u>Administrador de cookies \u2013 Internet Explorer<\/u><\/a><\/p><p><b>Opera<\/b><\/p><p><a href=\"http:\/\/help.opera.com\/Windows\/10.00\/it\/Cookie.html\" target=\"_blank\" rel=\"nofollow noopener noreferrer\"><u>Gesti\u00f3n de cookies \u2013 Opera<\/u><\/a><\/p><p><b>Safari<\/b><\/p><p><a href=\"https:\/\/support.apple.com\/kb\/HT1677?viewlocale=it_IT\" target=\"_blank\" rel=\"nofollow noopener noreferrer\"><u>Gesti\u00f3n de cookies \u2013 Safari<\/u><\/a><\/p><p>\u00a0<\/p><p><strong>Enlaces a otros sitios web<\/strong><\/p><p>Nuestro sitio web puede contener enlaces a otros sitios web de inter\u00e9s. No somos responsables de las pol\u00edticas, procedimientos o contenido de datos de ning\u00fan sitio web vinculado. Debe verificar la declaraci\u00f3n de privacidad de cada sitio web que visite.<\/p><p><strong>Remarketing<\/strong><\/p><p>Inkme.it usa Facebook Pixel para Retargeting. Toda la informaci\u00f3n se puede encontrar en el\u00a0<a href=\"https:\/\/developers.facebook.com\/docs\/facebook-pixel\/implementation\/gdpr\/?locale=it_IT\">Reglamento General de Protecci\u00f3n de Datos \u2013 Facebook Pixel<\/a><\/p><p><strong>Bolet\u00edn \/ DEM<\/strong><\/p><p>Al suscribirse a nuestro bolet\u00edn \/ dem, acepta las siguientes condiciones:<\/p><p>Datos recopilados: correo electr\u00f3nico<br \/>Todos los correos electr\u00f3nicos (y cualquier informaci\u00f3n) no ser\u00e1n compartidos \/ vendidos \/ intercambiados \/ etc. con otras compa\u00f1\u00edas, organizaciones o personas.<br \/>Algunos correos electr\u00f3nicos pueden estar orientados a las ventas (marketing).<br \/>Herramientas utilizadas para administrar el bolet\u00edn informativo: Mailchimp<br \/>M\u00e1s informaci\u00f3n:\u00a0<a href=\"https:\/\/mailchimp.com\/legal\/privacy\/\">Pol\u00edticas legales de Mailchimp<\/a><br \/>Puede eliminarse en cualquier momento a trav\u00e9s de este\u00a0<a href=\"https:\/\/gmail.us20.list-manage.com\/unsubscribe?u=4fdefe43601cb5a96df19ff69&amp;id=220b959a2f\">enlace<\/a>\u00a0, directamente en el correo electr\u00f3nico recibido haciendo clic en \u201cCancelar suscripci\u00f3n\u201d o\u00a0<a href=\"https:\/\/inkme.it\/contattaci\/\">contactando con nosotros<\/a><\/p><p>Para cualquier otra informaci\u00f3n no dude en\u00a0<a href=\"https:\/\/inkme.es\/contactenos\/\">contactarnos<\/a>\u00a0.<\/p>\t\t\t\t\t\t\t\t<\/div>\n\t\t\t\t<\/div>\n\t\t\t\t\t<\/div>\n\t\t<\/div>\n\t\t\t\t\t<\/div>\n\t\t<\/section>\n\t\t\t\t<\/div>\n\t\t","protected":false},"excerpt":{"rendered":"<p>Las cookies son peque\u00f1os archivos de texto que los sitios visitados por los usuarios env\u00edan a sus terminales, donde se almacenan antes de volver a transmitirse a los mismos sitios en la pr\u00f3xima visita. Las cookies de los llamados \u201cterceros\u201d son, en cambio, establecidas por un sitio web distinto al que est\u00e1 visitando el usuario.Esto [&hellip;]<\/p>\n","protected":false},"author":5,"featured_media":0,"parent":0,"menu_order":0,"comment_status":"closed","ping_status":"closed","template":"elementor_header_footer","meta":{"ocean_post_layout":"","ocean_both_sidebars_style":"","ocean_both_sidebars_content_width":0,"ocean_both_sidebars_sidebars_width":0,"ocean_sidebar":"0","ocean_second_sidebar":"0","ocean_disable_margins":"enable","ocean_add_body_class":"","ocean_shortcode_before_top_bar":"","ocean_shortcode_after_top_bar":"","ocean_shortcode_before_header":"","ocean_shortcode_after_header":"","ocean_has_shortcode":"","ocean_shortcode_after_title":"","ocean_shortcode_before_footer_widgets":"","ocean_shortcode_after_footer_widgets":"","ocean_shortcode_before_footer_bottom":"","ocean_shortcode_after_footer_bottom":"","ocean_display_top_bar":"default","ocean_display_header":"default","ocean_header_style":"","ocean_center_header_left_menu":"0","ocean_custom_header_template":"0","ocean_custom_logo":0,"ocean_custom_retina_logo":0,"ocean_custom_logo_max_width":0,"ocean_custom_logo_tablet_max_width":0,"ocean_custom_logo_mobile_max_width":0,"ocean_custom_logo_max_height":0,"ocean_custom_logo_tablet_max_height":0,"ocean_custom_logo_mobile_max_height":0,"ocean_header_custom_menu":"0","ocean_menu_typo_font_family":"0","ocean_menu_typo_font_subset":"","ocean_menu_typo_font_size":0,"ocean_menu_typo_font_size_tablet":0,"ocean_menu_typo_font_size_mobile":0,"ocean_menu_typo_font_size_unit":"px","ocean_menu_typo_font_weight":"","ocean_menu_typo_font_weight_tablet":"","ocean_menu_typo_font_weight_mobile":"","ocean_menu_typo_transform":"","ocean_menu_typo_transform_tablet":"","ocean_menu_typo_transform_mobile":"","ocean_menu_typo_line_height":0,"ocean_menu_typo_line_height_tablet":0,"ocean_menu_typo_line_height_mobile":0,"ocean_menu_typo_line_height_unit":"","ocean_menu_typo_spacing":0,"ocean_menu_typo_spacing_tablet":0,"ocean_menu_typo_spacing_mobile":0,"ocean_menu_typo_spacing_unit":"","ocean_menu_link_color":"","ocean_menu_link_color_hover":"","ocean_menu_link_color_active":"","ocean_menu_link_background":"","ocean_menu_link_hover_background":"","ocean_menu_link_active_background":"","ocean_menu_social_links_bg":"","ocean_menu_social_hover_links_bg":"","ocean_menu_social_links_color":"","ocean_menu_social_hover_links_color":"","ocean_disable_title":"default","ocean_disable_heading":"default","ocean_post_title":"","ocean_post_subheading":"","ocean_post_title_style":"","ocean_post_title_background_color":"","ocean_post_title_background":0,"ocean_post_title_bg_image_position":"","ocean_post_title_bg_image_attachment":"","ocean_post_title_bg_image_repeat":"","ocean_post_title_bg_image_size":"","ocean_post_title_height":0,"ocean_post_title_bg_overlay":0.5,"ocean_post_title_bg_overlay_color":"","ocean_disable_breadcrumbs":"default","ocean_breadcrumbs_color":"","ocean_breadcrumbs_separator_color":"","ocean_breadcrumbs_links_color":"","ocean_breadcrumbs_links_hover_color":"","ocean_display_footer_widgets":"default","ocean_display_footer_bottom":"default","ocean_custom_footer_template":"0","footnotes":""},"class_list":["post-13468","page","type-page","status-publish","hentry","entry"],"_links":{"self":[{"href":"https:\/\/inkme.it\/es\/wp-json\/wp\/v2\/pages\/13468","targetHints":{"allow":["GET"]}}],"collection":[{"href":"https:\/\/inkme.it\/es\/wp-json\/wp\/v2\/pages"}],"about":[{"href":"https:\/\/inkme.it\/es\/wp-json\/wp\/v2\/types\/page"}],"author":[{"embeddable":true,"href":"https:\/\/inkme.it\/es\/wp-json\/wp\/v2\/users\/5"}],"replies":[{"embeddable":true,"href":"https:\/\/inkme.it\/es\/wp-json\/wp\/v2\/comments?post=13468"}],"version-history":[{"count":0,"href":"https:\/\/inkme.it\/es\/wp-json\/wp\/v2\/pages\/13468\/revisions"}],"wp:attachment":[{"href":"https:\/\/inkme.it\/es\/wp-json\/wp\/v2\/media?parent=13468"}],"curies":[{"name":"wp","href":"https:\/\/api.w.org\/{rel}","templated":true}]}}